{"id":29094,"date":"2017-02-16T09:13:19","date_gmt":"2017-02-16T08:13:19","guid":{"rendered":"https:\/\/www.korso.ch\/infos-2\/"},"modified":"2024-08-13T09:02:11","modified_gmt":"2024-08-13T07:02:11","slug":"infos-2","status":"publish","type":"page","link":"https:\/\/www.korso.ch\/de\/infos-2\/","title":{"rendered":"Infos"},"content":{"rendered":"<p>[et_pb_section fb_built=&#8220;1&#8243; _builder_version=&#8220;4.24.1&#8243; _module_preset=&#8220;default&#8220; background_color=&#8220;#160F0F&#8220; locked=&#8220;off&#8220; global_colors_info=&#8220;{}&#8220;][et_pb_row _builder_version=&#8220;4.23.2&#8243; _module_preset=&#8220;default&#8220; global_colors_info=&#8220;{}&#8220;][et_pb_column type=&#8220;4_4&#8243; _builder_version=&#8220;4.23.2&#8243; _module_preset=&#8220;default&#8220; global_colors_info=&#8220;{}&#8220;][et_pb_image src=&#8220;https:\/\/www.korso.ch\/wp-content\/uploads\/2024\/02\/3.Logo_korso_kino_bar_bier_orange.png&#8220; title_text=&#8220;3.Logo_korso_kino_bar_bier_orange&#8220; align=&#8220;center&#8220; admin_label=&#8220;LOGO&#8220; _builder_version=&#8220;4.23.4&#8243; _module_preset=&#8220;default&#8220; module_alignment=&#8220;center&#8220; max_height=&#8220;20vh&#8220; global_colors_info=&#8220;{}&#8220;][\/et_pb_image][et_pb_text _builder_version=&#8220;4.24.1&#8243; _module_preset=&#8220;e7327d24-cad4-4d15-89f9-655fd2ea1ff9&#8243; text_font=&#8220;||||||||&#8220; text_text_color=&#8220;#FFFFFF&#8220; text_font_size=&#8220;35px&#8220; header_font=&#8220;Inter||||||||&#8220; text_orientation=&#8220;center&#8220; custom_margin=&#8220;||10px||false|false&#8220; hover_enabled=&#8220;0&#8243; global_colors_info=&#8220;{}&#8220; sticky_enabled=&#8220;0&#8243; custom_css_free_form=&#8220;selector {||  font-family: %22marsden%22 !important;||  text-transform: uppercase;||}&#8220;]Er\u00f6ffnung am 19. September![\/et_pb_text][et_pb_text admin_label=&#8220;Description&#8220; _builder_version=&#8220;4.24.1&#8243; _module_preset=&#8220;default&#8220; text_text_color=&#8220;#FF7411&#8243; header_text_align=&#8220;center&#8220; text_orientation=&#8220;center&#8220; text_font_size_tablet=&#8220;&#8220; text_font_size_phone=&#8220;16px&#8220; text_font_size_last_edited=&#8220;on|phone&#8220; text_letter_spacing_phone=&#8220;0px&#8220; text_letter_spacing_last_edited=&#8220;off|desktop&#8220; text_line_height_tablet=&#8220;&#8220; text_line_height_phone=&#8220;1.2em&#8220; text_line_height_last_edited=&#8220;on|phone&#8220; global_colors_info=&#8220;{}&#8220;]<\/p>\n<div class=\"\">3 Kinos\u00e4le &#8211; 3 offene B\u00fchnen &#8211; Bar &amp; Pizzeria &#8211; Partys<\/div>\n<p>[\/et_pb_text][\/et_pb_column][\/et_pb_row][et_pb_row _builder_version=&#8220;4.23.4&#8243; _module_preset=&#8220;default&#8220; global_colors_info=&#8220;{}&#8220;][et_pb_column type=&#8220;4_4&#8243; _builder_version=&#8220;4.23.4&#8243; _module_preset=&#8220;default&#8220; global_colors_info=&#8220;{}&#8220;][et_pb_text admin_label=&#8220;TITRE INFOS&#8220; _builder_version=&#8220;4.24.1&#8243; _module_preset=&#8220;e7327d24-cad4-4d15-89f9-655fd2ea1ff9&#8243; text_font=&#8220;Koulen||||||||&#8220; text_text_color=&#8220;#FFFFFF&#8220; text_font_size=&#8220;35px&#8220; header_font=&#8220;Inter||||||||&#8220; text_orientation=&#8220;center&#8220; custom_margin=&#8220;||10px||false|false&#8220; hover_enabled=&#8220;0&#8243; global_colors_info=&#8220;{}&#8220; sticky_enabled=&#8220;0&#8243; custom_css_free_form=&#8220;selector {||  font-family: %22marsden%22 !important;||  text-transform: uppercase;||}&#8220;]<\/p>\n<p>Infos<\/p>\n<p>[\/et_pb_text][et_pb_text admin_label=&#8220;mail&#8220; _builder_version=&#8220;4.24.1&#8243; _module_preset=&#8220;e7327d24-cad4-4d15-89f9-655fd2ea1ff9&#8243; text_text_color=&#8220;#FF7411&#8243; header_text_align=&#8220;center&#8220; text_orientation=&#8220;center&#8220; text_font_size_tablet=&#8220;&#8220; text_font_size_phone=&#8220;15px&#8220; text_font_size_last_edited=&#8220;on|phone&#8220; text_line_height_tablet=&#8220;&#8220; text_line_height_phone=&#8220;1.2em&#8220; text_line_height_last_edited=&#8220;on|phone&#8220; global_colors_info=&#8220;{}&#8220;]<\/p>\n<p><span style=\"text-decoration: underline;\"><span style=\"color: #ff7411;\"><a href=\"mailto:info@korso.ch\" style=\"color: #ff7411; text-decoration: underline;\">info@korso.ch<\/a><\/span><\/span><\/p>\n<p>[\/et_pb_text][et_pb_button button_url=&#8220;https:\/\/www.korso.ch\/wp-content\/uploads\/2024\/06\/DP_Korso.pdf&#8220; button_text=&#8220;Pressedossier&#8220; button_alignment=&#8220;center&#8220; _builder_version=&#8220;4.24.1&#8243; _module_preset=&#8220;default&#8220; button_bg_color=&#8220;#FF7411&#8243; global_colors_info=&#8220;{}&#8220;][\/et_pb_button][\/et_pb_column][\/et_pb_row][et_pb_row _builder_version=&#8220;4.24.1&#8243; _module_preset=&#8220;default&#8220; global_colors_info=&#8220;{}&#8220;][et_pb_column type=&#8220;4_4&#8243; _builder_version=&#8220;4.24.1&#8243; _module_preset=&#8220;default&#8220; global_colors_info=&#8220;{}&#8220;][et_pb_text admin_label=&#8220;TITRE-TARIF&#8220; _builder_version=&#8220;4.24.1&#8243; _module_preset=&#8220;e7327d24-cad4-4d15-89f9-655fd2ea1ff9&#8243; text_font=&#8220;||||||||&#8220; text_text_color=&#8220;#FFFFFF&#8220; text_font_size=&#8220;35px&#8220; header_font=&#8220;Inter||||||||&#8220; text_orientation=&#8220;center&#8220; custom_margin=&#8220;||10px||false|false&#8220; hover_enabled=&#8220;0&#8243; global_colors_info=&#8220;{}&#8220; custom_css_free_form=&#8220;selector {||  font-family: %22marsden%22 !important;||  text-transform: uppercase;||}&#8220; sticky_enabled=&#8220;0&#8243;]<\/p>\n<p>Coole Preise<\/p>\n<p>[\/et_pb_text][et_pb_text admin_label=&#8220;Tarfis&#8220; _builder_version=&#8220;4.24.1&#8243; _module_preset=&#8220;default&#8220; text_text_color=&#8220;#FF7411&#8243; header_text_align=&#8220;center&#8220; text_orientation=&#8220;center&#8220; text_font_size_tablet=&#8220;&#8220; text_font_size_phone=&#8220;15px&#8220; text_font_size_last_edited=&#8220;on|phone&#8220; text_line_height_tablet=&#8220;&#8220; text_line_height_phone=&#8220;1.2em&#8220; text_line_height_last_edited=&#8220;on|phone&#8220; global_colors_info=&#8220;{}&#8220;]<\/p>\n<div class=\"\">Kids bis 15 Jahre: CHF 8<\/div>\n<div class=\"\">Youths von 15 bis 25 Jahren: CHF 10<\/div>\n<div class=\"\">Erwachsene von 25 bis 65 Jahren: CHF 12<\/div>\n<div class=\"\">Senioren ab 65 Jahren: CHF 10<\/div>\n<div class=\"\"><\/div>\n<div class=\"\">Members: CHF 8<\/div>\n<div class=\"\">(Mitgliedsbeitrag 50.- f\u00fcr 12 Monate mit kostenlosem Kaffee bei jedem Besuch \ud83e\udde1)<\/div>\n<p>[\/et_pb_text][et_pb_divider divider_position=&#8220;center&#8220; divider_weight=&#8220;3px&#8220; _builder_version=&#8220;4.24.1&#8243; _module_preset=&#8220;default&#8220; module_alignment=&#8220;center&#8220; global_colors_info=&#8220;{}&#8220;][\/et_pb_divider][et_pb_text _builder_version=&#8220;4.24.1&#8243; _module_preset=&#8220;e7327d24-cad4-4d15-89f9-655fd2ea1ff9&#8243; text_font=&#8220;||||||||&#8220; text_text_color=&#8220;#FFFFFF&#8220; text_font_size=&#8220;35px&#8220; header_font=&#8220;Inter||||||||&#8220; text_orientation=&#8220;center&#8220; custom_margin=&#8220;||10px||false|false&#8220; hover_enabled=&#8220;0&#8243; global_colors_info=&#8220;{}&#8220; custom_css_free_form=&#8220;selector {||  font-family: %22marsden%22 !important;||  text-transform: uppercase;||}&#8220; sticky_enabled=&#8220;0&#8243;]<\/p>\n<p>Unsere Infos erhalten \/ Mitgliedschaft<\/p>\n<p>[\/et_pb_text][et_pb_contact_form captcha=&#8220;off&#8220; email=&#8220;info@korso.ch&#8220; custom_message=&#8220;Ich m\u00f6chte Ihren Newsletter abonnieren und weitere Informationen erhalten, um Mitglied zu werden!&#8220; success_message=&#8220;Super! Sie werden bald von uns h\u00f6ren \ud83e\udde1&#8220; submit_button_text=&#8220;sich abonnieren&#8220; module_class=&#8220;pa-contact-form-success-message&#8220; _builder_version=&#8220;4.24.1&#8243; _module_preset=&#8220;45f0d806-5ac8-4168-aae4-f7a061b26252&#8243; form_field_background_color=&#8220;rgba(255,255,255,0)&#8220; form_field_text_color=&#8220;gcid-c9ec881e-ca46-4387-bf7a-f2b34d8141ee&#8220; form_field_focus_background_color=&#8220;rgba(193,193,193,0)&#8220; form_field_focus_text_color=&#8220;#ffffff&#8220; title_font=&#8220;Inter||||||||&#8220; title_text_color=&#8220;#FFFFFF&#8220; captcha_text_color=&#8220;#ffffff&#8220; captcha_font_size=&#8220;20px&#8220; form_field_font=&#8220;||||||||&#8220; form_field_text_align=&#8220;left&#8220; form_field_font_size=&#8220;20px&#8220; button_text_size=&#8220;17px&#8220; button_text_color=&#8220;#FFFFFF&#8220; button_bg_color=&#8220;#FF7411&#8243; button_border_color=&#8220;gcid-c9ec881e-ca46-4387-bf7a-f2b34d8141ee&#8220; button_border_radius=&#8220;100px&#8220; button_font=&#8220;|700||on|||||&#8220; button_custom_margin=&#8220;10px||||false|false&#8220; button_custom_padding=&#8220;10px|40px|10px|40px|true|true&#8220; text_orientation=&#8220;center&#8220; max_width=&#8220;760px&#8220; module_alignment=&#8220;center&#8220; hover_enabled=&#8220;0&#8243; border_color_all=&#8220;gcid-c9ec881e-ca46-4387-bf7a-f2b34d8141ee&#8220; locked=&#8220;off&#8220; global_colors_info=&#8220;{%22gcid-c9ec881e-ca46-4387-bf7a-f2b34d8141ee%22:%91%22button_border_color%22,%22form_field_text_color%22,%22border_color_all%22,%22button_bg_color__hover%22,%22button_border_color%22,%22form_field_text_color%22,%22border_color_all%22,%22button_bg_color__hover%22%93}&#8220; sticky_enabled=&#8220;0&#8243;][et_pb_contact_field field_id=&#8220;Name&#8220; field_title=&#8220;Name und Vorname&#8220; _builder_version=&#8220;4.23.4&#8243; _module_preset=&#8220;default&#8220; form_field_font=&#8220;Inter||||||||&#8220; global_colors_info=&#8220;{}&#8220; button_text_size__hover_enabled=&#8220;off&#8220; button_one_text_size__hover_enabled=&#8220;off&#8220; button_two_text_size__hover_enabled=&#8220;off&#8220; button_text_color__hover_enabled=&#8220;off&#8220; button_one_text_color__hover_enabled=&#8220;off&#8220; button_two_text_color__hover_enabled=&#8220;off&#8220; button_border_width__hover_enabled=&#8220;off&#8220; button_one_border_width__hover_enabled=&#8220;off&#8220; button_two_border_width__hover_enabled=&#8220;off&#8220; button_border_color__hover_enabled=&#8220;off&#8220; button_one_border_color__hover_enabled=&#8220;off&#8220; button_two_border_color__hover_enabled=&#8220;off&#8220; button_border_radius__hover_enabled=&#8220;off&#8220; button_one_border_radius__hover_enabled=&#8220;off&#8220; button_two_border_radius__hover_enabled=&#8220;off&#8220; button_letter_spacing__hover_enabled=&#8220;off&#8220; button_one_letter_spacing__hover_enabled=&#8220;off&#8220; button_two_letter_spacing__hover_enabled=&#8220;off&#8220; button_bg_color__hover_enabled=&#8220;off&#8220; button_one_bg_color__hover_enabled=&#8220;off&#8220; button_two_bg_color__hover_enabled=&#8220;off&#8220;][\/et_pb_contact_field][et_pb_contact_field field_id=&#8220;Email&#8220; field_title=&#8220;E-Mail&#8220; field_type=&#8220;email&#8220; _builder_version=&#8220;4.23.4&#8243; _module_preset=&#8220;default&#8220; global_colors_info=&#8220;{}&#8220; button_text_size__hover_enabled=&#8220;off&#8220; button_one_text_size__hover_enabled=&#8220;off&#8220; button_two_text_size__hover_enabled=&#8220;off&#8220; button_text_color__hover_enabled=&#8220;off&#8220; button_one_text_color__hover_enabled=&#8220;off&#8220; button_two_text_color__hover_enabled=&#8220;off&#8220; button_border_width__hover_enabled=&#8220;off&#8220; button_one_border_width__hover_enabled=&#8220;off&#8220; button_two_border_width__hover_enabled=&#8220;off&#8220; button_border_color__hover_enabled=&#8220;off&#8220; button_one_border_color__hover_enabled=&#8220;off&#8220; button_two_border_color__hover_enabled=&#8220;off&#8220; button_border_radius__hover_enabled=&#8220;off&#8220; button_one_border_radius__hover_enabled=&#8220;off&#8220; button_two_border_radius__hover_enabled=&#8220;off&#8220; button_letter_spacing__hover_enabled=&#8220;off&#8220; button_one_letter_spacing__hover_enabled=&#8220;off&#8220; button_two_letter_spacing__hover_enabled=&#8220;off&#8220; button_bg_color__hover_enabled=&#8220;off&#8220; button_one_bg_color__hover_enabled=&#8220;off&#8220; button_two_bg_color__hover_enabled=&#8220;off&#8220;][\/et_pb_contact_field][\/et_pb_contact_form][\/et_pb_column][\/et_pb_row][\/et_pb_section]<\/p>\n","protected":false},"excerpt":{"rendered":"<p>Er\u00f6ffnung am 19. September!3 Kinos\u00e4le &#8211; 3 offene B\u00fchnen &#8211; Bar &amp; Pizzeria &#8211; PartysInfosinfo@korso.chCoole PreiseKids bis 15 Jahre: CHF 8 Youths von 15 bis 25 Jahren: CHF 10 Erwachsene von 25 bis 65 Jahren: CHF 12 Senioren ab 65 Jahren: CHF 10 Members: CHF 8 (Mitgliedsbeitrag 50.- f\u00fcr 12 Monate mit kostenlosem Kaffee bei [&hellip;]<\/p>\n","protected":false},"author":1,"featured_media":0,"parent":0,"menu_order":0,"comment_status":"closed","ping_status":"closed","template":"","meta":{"_acf_changed":false,"_et_pb_use_builder":"on","_et_pb_old_content":"","_et_gb_content_width":"","footnotes":""},"class_list":["post-29094","page","type-page","status-publish","hentry"],"acf":[],"yoast_head":"<!-- This site is optimized with the Yoast SEO plugin v26.4 - https:\/\/yoast.com\/wordpress\/plugins\/seo\/ -->\n<title>Infos - Korso kino bar bier Kino Freiburg<\/title>\n<meta name=\"robots\" content=\"index, follow, max-snippet:-1, max-image-preview:large, max-video-preview:-1\" \/>\n<link rel=\"canonical\" href=\"https:\/\/www.korso.ch\/de\/\" \/>\n<meta property=\"og:locale\" content=\"de_DE\" \/>\n<meta property=\"og:type\" content=\"article\" \/>\n<meta property=\"og:title\" content=\"Infos - Korso kino bar bier Kino Freiburg\" \/>\n<meta property=\"og:description\" content=\"Er\u00f6ffnung am 19. September!3 Kinos\u00e4le - 3 offene B\u00fchnen - Bar &amp; Pizzeria - PartysInfosinfo@korso.chCoole PreiseKids bis 15 Jahre: CHF 8 Youths von 15 bis 25 Jahren: CHF 10 Erwachsene von 25 bis 65 Jahren: CHF 12 Senioren ab 65 Jahren: CHF 10 Members: CHF 8 (Mitgliedsbeitrag 50.- f\u00fcr 12 Monate mit kostenlosem Kaffee bei [&hellip;]\" \/>\n<meta property=\"og:site_name\" content=\"Korso\" \/>\n<meta property=\"article:publisher\" content=\"https:\/\/www.facebook.com\/korsokinobarbier\/\" \/>\n<meta property=\"article:modified_time\" content=\"2024-08-13T07:02:11+00:00\" \/>\n<meta name=\"twitter:card\" content=\"summary_large_image\" \/>\n<meta name=\"twitter:label1\" content=\"Gesch\u00e4tzte Lesezeit\" \/>\n\t<meta name=\"twitter:data1\" content=\"6\u00a0Minuten\" \/>\n<script type=\"application\/ld+json\" class=\"yoast-schema-graph\">{\"@context\":\"https:\/\/schema.org\",\"@graph\":[{\"@type\":\"WebPage\",\"@id\":\"https:\/\/www.korso.ch\/de\/\",\"url\":\"https:\/\/www.korso.ch\/de\/\",\"name\":\"Infos - Korso kino bar bier Kino Freiburg\",\"isPartOf\":{\"@id\":\"https:\/\/www.korso.ch\/#website\"},\"datePublished\":\"2017-02-16T08:13:19+00:00\",\"dateModified\":\"2024-08-13T07:02:11+00:00\",\"breadcrumb\":{\"@id\":\"https:\/\/www.korso.ch\/de\/#breadcrumb\"},\"inLanguage\":\"de\",\"potentialAction\":[{\"@type\":\"ReadAction\",\"target\":[\"https:\/\/www.korso.ch\/de\/\"]}]},{\"@type\":\"BreadcrumbList\",\"@id\":\"https:\/\/www.korso.ch\/de\/#breadcrumb\",\"itemListElement\":[{\"@type\":\"ListItem\",\"position\":1,\"name\":\"Accueil\",\"item\":\"https:\/\/www.korso.ch\/de\/startseite\/\"},{\"@type\":\"ListItem\",\"position\":2,\"name\":\"Infos\"}]},{\"@type\":\"WebSite\",\"@id\":\"https:\/\/www.korso.ch\/#website\",\"url\":\"https:\/\/www.korso.ch\/\",\"name\":\"Korso\",\"description\":\"Kino Bar Bier Korso\",\"publisher\":{\"@id\":\"https:\/\/www.korso.ch\/#organization\"},\"potentialAction\":[{\"@type\":\"SearchAction\",\"target\":{\"@type\":\"EntryPoint\",\"urlTemplate\":\"https:\/\/www.korso.ch\/?s={search_term_string}\"},\"query-input\":{\"@type\":\"PropertyValueSpecification\",\"valueRequired\":true,\"valueName\":\"search_term_string\"}}],\"inLanguage\":\"de\"},{\"@type\":\"Organization\",\"@id\":\"https:\/\/www.korso.ch\/#organization\",\"name\":\"Korso Kino Bar Bier\",\"alternateName\":\"Korso cin\u00e9ma fribourg\",\"url\":\"https:\/\/www.korso.ch\/\",\"logo\":{\"@type\":\"ImageObject\",\"inLanguage\":\"de\",\"@id\":\"https:\/\/www.korso.ch\/#\/schema\/logo\/image\/\",\"url\":\"https:\/\/www.korso.ch\/wp-content\/uploads\/2024\/02\/cropped-icone_web_korso.png\",\"contentUrl\":\"https:\/\/www.korso.ch\/wp-content\/uploads\/2024\/02\/cropped-icone_web_korso.png\",\"width\":512,\"height\":512,\"caption\":\"Korso Kino Bar Bier\"},\"image\":{\"@id\":\"https:\/\/www.korso.ch\/#\/schema\/logo\/image\/\"},\"sameAs\":[\"https:\/\/www.facebook.com\/korsokinobarbier\/\",\"https:\/\/www.instagram.com\/korso_kino_bar_bier\/\"]}]}<\/script>\n<!-- \/ Yoast SEO plugin. -->","yoast_head_json":{"title":"Infos - Korso kino bar bier Kino Freiburg","robots":{"index":"index","follow":"follow","max-snippet":"max-snippet:-1","max-image-preview":"max-image-preview:large","max-video-preview":"max-video-preview:-1"},"canonical":"https:\/\/www.korso.ch\/de\/","og_locale":"de_DE","og_type":"article","og_title":"Infos - Korso kino bar bier Kino Freiburg","og_description":"Er\u00f6ffnung am 19. September!3 Kinos\u00e4le - 3 offene B\u00fchnen - Bar &amp; Pizzeria - PartysInfosinfo@korso.chCoole PreiseKids bis 15 Jahre: CHF 8 Youths von 15 bis 25 Jahren: CHF 10 Erwachsene von 25 bis 65 Jahren: CHF 12 Senioren ab 65 Jahren: CHF 10 Members: CHF 8 (Mitgliedsbeitrag 50.- f\u00fcr 12 Monate mit kostenlosem Kaffee bei [&hellip;]","og_site_name":"Korso","article_publisher":"https:\/\/www.facebook.com\/korsokinobarbier\/","article_modified_time":"2024-08-13T07:02:11+00:00","twitter_card":"summary_large_image","twitter_misc":{"Gesch\u00e4tzte Lesezeit":"6\u00a0Minuten"},"schema":{"@context":"https:\/\/schema.org","@graph":[{"@type":"WebPage","@id":"https:\/\/www.korso.ch\/de\/","url":"https:\/\/www.korso.ch\/de\/","name":"Infos - Korso kino bar bier Kino Freiburg","isPartOf":{"@id":"https:\/\/www.korso.ch\/#website"},"datePublished":"2017-02-16T08:13:19+00:00","dateModified":"2024-08-13T07:02:11+00:00","breadcrumb":{"@id":"https:\/\/www.korso.ch\/de\/#breadcrumb"},"inLanguage":"de","potentialAction":[{"@type":"ReadAction","target":["https:\/\/www.korso.ch\/de\/"]}]},{"@type":"BreadcrumbList","@id":"https:\/\/www.korso.ch\/de\/#breadcrumb","itemListElement":[{"@type":"ListItem","position":1,"name":"Accueil","item":"https:\/\/www.korso.ch\/de\/startseite\/"},{"@type":"ListItem","position":2,"name":"Infos"}]},{"@type":"WebSite","@id":"https:\/\/www.korso.ch\/#website","url":"https:\/\/www.korso.ch\/","name":"Korso","description":"Kino Bar Bier Korso","publisher":{"@id":"https:\/\/www.korso.ch\/#organization"},"potentialAction":[{"@type":"SearchAction","target":{"@type":"EntryPoint","urlTemplate":"https:\/\/www.korso.ch\/?s={search_term_string}"},"query-input":{"@type":"PropertyValueSpecification","valueRequired":true,"valueName":"search_term_string"}}],"inLanguage":"de"},{"@type":"Organization","@id":"https:\/\/www.korso.ch\/#organization","name":"Korso Kino Bar Bier","alternateName":"Korso cin\u00e9ma fribourg","url":"https:\/\/www.korso.ch\/","logo":{"@type":"ImageObject","inLanguage":"de","@id":"https:\/\/www.korso.ch\/#\/schema\/logo\/image\/","url":"https:\/\/www.korso.ch\/wp-content\/uploads\/2024\/02\/cropped-icone_web_korso.png","contentUrl":"https:\/\/www.korso.ch\/wp-content\/uploads\/2024\/02\/cropped-icone_web_korso.png","width":512,"height":512,"caption":"Korso Kino Bar Bier"},"image":{"@id":"https:\/\/www.korso.ch\/#\/schema\/logo\/image\/"},"sameAs":["https:\/\/www.facebook.com\/korsokinobarbier\/","https:\/\/www.instagram.com\/korso_kino_bar_bier\/"]}]}},"_links":{"self":[{"href":"https:\/\/www.korso.ch\/de\/wp-json\/wp\/v2\/pages\/29094","targetHints":{"allow":["GET"]}}],"collection":[{"href":"https:\/\/www.korso.ch\/de\/wp-json\/wp\/v2\/pages"}],"about":[{"href":"https:\/\/www.korso.ch\/de\/wp-json\/wp\/v2\/types\/page"}],"author":[{"embeddable":true,"href":"https:\/\/www.korso.ch\/de\/wp-json\/wp\/v2\/users\/1"}],"replies":[{"embeddable":true,"href":"https:\/\/www.korso.ch\/de\/wp-json\/wp\/v2\/comments?post=29094"}],"version-history":[{"count":33,"href":"https:\/\/www.korso.ch\/de\/wp-json\/wp\/v2\/pages\/29094\/revisions"}],"predecessor-version":[{"id":30779,"href":"https:\/\/www.korso.ch\/de\/wp-json\/wp\/v2\/pages\/29094\/revisions\/30779"}],"wp:attachment":[{"href":"https:\/\/www.korso.ch\/de\/wp-json\/wp\/v2\/media?parent=29094"}],"curies":[{"name":"wp","href":"https:\/\/api.w.org\/{rel}","templated":true}]}}