{"id":31272,"date":"2024-02-20T14:21:48","date_gmt":"2024-02-20T13:21:48","guid":{"rendered":"https:\/\/www.korso.ch\/ereignisse\/"},"modified":"2025-12-15T18:36:37","modified_gmt":"2025-12-15T17:36:37","slug":"veranstaltungen","status":"publish","type":"page","link":"https:\/\/www.korso.ch\/de\/veranstaltungen\/","title":{"rendered":"Events"},"content":{"rendered":"<p>[et_pb_section fb_built=&#8220;1&#8243; custom_padding_last_edited=&#8220;on|tablet&#8220; admin_label=&#8220;Section&#8220; _builder_version=&#8220;4.24.1&#8243; _module_preset=&#8220;default&#8220; custom_padding=&#8220;0px||0px||false|false&#8220; custom_padding_tablet=&#8220;3vh||0px||false|false&#8220; custom_padding_phone=&#8220;3vh||0px||false|false&#8220; custom_css_free_form=&#8220;#main-content .entry-content .et_pb_section:first-child {||  padding-top: 7vh;||}||||@media (min-width: 980px) {||  #main-content .entry-content .et_pb_section:first-child {||  padding-top: 15vh !important;||}||}&#8220; locked=&#8220;off&#8220; global_colors_info=&#8220;{}&#8220;][et_pb_row _builder_version=&#8220;4.24.1&#8243; _module_preset=&#8220;default&#8220; width=&#8220;90%&#8220; custom_padding=&#8220;0px||0px||false|false&#8220; global_colors_info=&#8220;{}&#8220;][et_pb_column type=&#8220;4_4&#8243; _builder_version=&#8220;4.24.1&#8243; _module_preset=&#8220;default&#8220; global_colors_info=&#8220;{}&#8220;][et_pb_post_title meta=&#8220;off&#8220; featured_image=&#8220;off&#8220; _builder_version=&#8220;4.24.1&#8243; _module_preset=&#8220;default&#8220; title_font=&#8220;|||on|||||&#8220; title_font_size=&#8220;100px&#8220; hover_enabled=&#8220;0&#8243; global_colors_info=&#8220;{}&#8220; title_font_size_last_edited=&#8220;on|phone&#8220; sticky_enabled=&#8220;0&#8243; title_font_size_tablet=&#8220;50px&#8220; title_font_size_phone=&#8220;50px&#8220;][\/et_pb_post_title][\/et_pb_column][\/et_pb_row][\/et_pb_section][et_pb_section fb_built=&#8220;1&#8243; module_id=&#8220;events-cards&#8220; _builder_version=&#8220;4.24.1&#8243; _module_preset=&#8220;default&#8220; min_height=&#8220;70vh&#8220; global_colors_info=&#8220;{}&#8220;][et_pb_row _builder_version=&#8220;4.24.1&#8243; _module_preset=&#8220;default&#8220; custom_margin=&#8220;0px||0px||true|false&#8220; custom_padding=&#8220;0px||0px||true|false&#8220; global_colors_info=&#8220;{}&#8220;][et_pb_column type=&#8220;4_4&#8243; _builder_version=&#8220;4.24.1&#8243; _module_preset=&#8220;default&#8220; global_colors_info=&#8220;{}&#8220;][et_pb_de_mach_filter_posts filter_update_type=&#8220;update_field&#8220; update_count_by_self=&#8220;off&#8220; sync_filter_item=&#8220;off&#8220; hide_reset=&#8220;on&#8220; disabled_on=&#8220;on|on|on&#8220; _builder_version=&#8220;4.24.1&#8243; _module_preset=&#8220;default&#8220; custom_css_free_form=&#8220;.filter-param-tags {||  display:none;||}||||.divi-filter-item {||        display: flex;||    flex-direction: row;||    flex-wrap: wrap;||    row-gap: 5px;||}||||.et_pb_contact_field_radio {||      background-color: #efefef;||    border-radius: 50px;||    padding: 0rem 0.7rem;||    margin: 0 .15rem;||    font-weight: 400;||    font-size: 16px;||    cursor: pointer;||}||||||.et_pb_contact_field_radio input%91type=&#8217;radio&#8217;%93:after {||        width: 15px;||        height: 15px;||        border-radius: 15px;||        top:50%;||        left: 50%;||     \t\ttransform: translate(-50%,-50%);||        position: absolute;||        background-color: #d1d3d1;||        content: &#8220;;||        display: inline-block;||        visibility: visible;||    }||&#8220; global_colors_info=&#8220;{}&#8220;][et_pb_de_mach_search_posts_item acf_filter_type=&#8220;radio&#8220; uncheck_init_terms=&#8220;on&#8220; filter_params=&#8220;yes_title&#8220; exclude_option=&#8220;film, non-classifiee&#8220; show_label=&#8220;off&#8220; radio_show_empty=&#8220;on&#8220; field_id=&#8220;Field_1&#8243; radio_deselect=&#8220;on&#8220; radio_all_text=&#8220;Tous&#8220; cat_tag_display_mode=&#8220;only_parents&#8220; _builder_version=&#8220;4.24.1&#8243; _module_preset=&#8220;default&#8220; global_colors_info=&#8220;{}&#8220;][\/et_pb_de_mach_search_posts_item][\/et_pb_de_mach_filter_posts][\/et_pb_column][\/et_pb_row][et_pb_row _builder_version=&#8220;4.24.1&#8243; _module_preset=&#8220;default&#8220; width=&#8220;90%&#8220; global_colors_info=&#8220;{}&#8220;][et_pb_column type=&#8220;4_4&#8243; _builder_version=&#8220;4.24.1&#8243; _module_preset=&#8220;default&#8220; global_colors_info=&#8220;{}&#8220;][et_pb_de_mach_archive_loop post_type_choose=&#8220;post&#8220; loop_layout=&#8220;30050&#8243; no_posts_layout_text=&#8220;D\u00e9sol\u00e9, aucun \u00e9v\u00e9nement actuellement.&#8220; posts_number=&#8220;100&#8243; include_cats=&#8220;art-vivant, premiere, event, musique, non-classifiee, party&#8220; sort_order=&#8220;menu_order&#8220; link_whole_gird=&#8220;on&#8220; columns=&#8220;3&#8243; _builder_version=&#8220;4.24.1&#8243; _module_preset=&#8220;default&#8220; custom_css_free_form=&#8220;.grid-item-cont .et_pb_row {||  width: 96%;||  padding: 0px 0;||}||||.grid-item-cont .et_pb_column{||margin-bottom: 0px;||}||||.et_pb_image_wrap {||      aspect-ratio: 16 \/ 9;||}&#8220; global_colors_info=&#8220;{}&#8220;][\/et_pb_de_mach_archive_loop][\/et_pb_column][\/et_pb_row][\/et_pb_section]<\/p>\n","protected":false},"excerpt":{"rendered":"","protected":false},"author":1,"featured_media":0,"parent":0,"menu_order":0,"comment_status":"closed","ping_status":"closed","template":"","meta":{"_acf_changed":false,"_et_pb_use_builder":"on","_et_pb_old_content":"","_et_gb_content_width":"","footnotes":""},"class_list":["post-31272","page","type-page","status-publish","hentry"],"acf":[],"yoast_head":"<!-- This site is optimized with the Yoast SEO plugin v26.4 - https:\/\/yoast.com\/wordpress\/plugins\/seo\/ -->\n<title>Events - Korso<\/title>\n<meta name=\"robots\" content=\"index, follow, max-snippet:-1, max-image-preview:large, max-video-preview:-1\" \/>\n<link rel=\"canonical\" href=\"https:\/\/www.korso.ch\/de\/veranstaltungen\/\" \/>\n<meta property=\"og:locale\" content=\"de_DE\" \/>\n<meta property=\"og:type\" content=\"article\" \/>\n<meta property=\"og:title\" content=\"Events - Korso\" \/>\n<meta property=\"og:site_name\" content=\"Korso\" \/>\n<meta property=\"article:publisher\" content=\"https:\/\/www.facebook.com\/korsokinobarbier\/\" \/>\n<meta property=\"article:modified_time\" content=\"2025-12-15T17:36:37+00:00\" \/>\n<meta name=\"twitter:card\" content=\"summary_large_image\" \/>\n<meta name=\"twitter:label1\" content=\"Gesch\u00e4tzte Lesezeit\" \/>\n\t<meta name=\"twitter:data1\" content=\"5\u00a0Minuten\" \/>\n<script type=\"application\/ld+json\" class=\"yoast-schema-graph\">{\"@context\":\"https:\/\/schema.org\",\"@graph\":[{\"@type\":\"WebPage\",\"@id\":\"https:\/\/www.korso.ch\/de\/veranstaltungen\/\",\"url\":\"https:\/\/www.korso.ch\/de\/veranstaltungen\/\",\"name\":\"Events - Korso\",\"isPartOf\":{\"@id\":\"https:\/\/www.korso.ch\/#website\"},\"datePublished\":\"2024-02-20T13:21:48+00:00\",\"dateModified\":\"2025-12-15T17:36:37+00:00\",\"breadcrumb\":{\"@id\":\"https:\/\/www.korso.ch\/de\/veranstaltungen\/#breadcrumb\"},\"inLanguage\":\"de\",\"potentialAction\":[{\"@type\":\"ReadAction\",\"target\":[\"https:\/\/www.korso.ch\/de\/veranstaltungen\/\"]}]},{\"@type\":\"BreadcrumbList\",\"@id\":\"https:\/\/www.korso.ch\/de\/veranstaltungen\/#breadcrumb\",\"itemListElement\":[{\"@type\":\"ListItem\",\"position\":1,\"name\":\"Accueil\",\"item\":\"https:\/\/www.korso.ch\/de\/startseite\/\"},{\"@type\":\"ListItem\",\"position\":2,\"name\":\"Events\"}]},{\"@type\":\"WebSite\",\"@id\":\"https:\/\/www.korso.ch\/#website\",\"url\":\"https:\/\/www.korso.ch\/\",\"name\":\"Korso\",\"description\":\"Kino Bar Bier Korso\",\"publisher\":{\"@id\":\"https:\/\/www.korso.ch\/#organization\"},\"potentialAction\":[{\"@type\":\"SearchAction\",\"target\":{\"@type\":\"EntryPoint\",\"urlTemplate\":\"https:\/\/www.korso.ch\/?s={search_term_string}\"},\"query-input\":{\"@type\":\"PropertyValueSpecification\",\"valueRequired\":true,\"valueName\":\"search_term_string\"}}],\"inLanguage\":\"de\"},{\"@type\":\"Organization\",\"@id\":\"https:\/\/www.korso.ch\/#organization\",\"name\":\"Korso Kino Bar Bier\",\"alternateName\":\"Korso cin\u00e9ma fribourg\",\"url\":\"https:\/\/www.korso.ch\/\",\"logo\":{\"@type\":\"ImageObject\",\"inLanguage\":\"de\",\"@id\":\"https:\/\/www.korso.ch\/#\/schema\/logo\/image\/\",\"url\":\"https:\/\/www.korso.ch\/wp-content\/uploads\/2024\/02\/cropped-icone_web_korso.png\",\"contentUrl\":\"https:\/\/www.korso.ch\/wp-content\/uploads\/2024\/02\/cropped-icone_web_korso.png\",\"width\":512,\"height\":512,\"caption\":\"Korso Kino Bar Bier\"},\"image\":{\"@id\":\"https:\/\/www.korso.ch\/#\/schema\/logo\/image\/\"},\"sameAs\":[\"https:\/\/www.facebook.com\/korsokinobarbier\/\",\"https:\/\/www.instagram.com\/korso_kino_bar_bier\/\"]}]}<\/script>\n<!-- \/ Yoast SEO plugin. -->","yoast_head_json":{"title":"Events - Korso","robots":{"index":"index","follow":"follow","max-snippet":"max-snippet:-1","max-image-preview":"max-image-preview:large","max-video-preview":"max-video-preview:-1"},"canonical":"https:\/\/www.korso.ch\/de\/veranstaltungen\/","og_locale":"de_DE","og_type":"article","og_title":"Events - Korso","og_site_name":"Korso","article_publisher":"https:\/\/www.facebook.com\/korsokinobarbier\/","article_modified_time":"2025-12-15T17:36:37+00:00","twitter_card":"summary_large_image","twitter_misc":{"Gesch\u00e4tzte Lesezeit":"5\u00a0Minuten"},"schema":{"@context":"https:\/\/schema.org","@graph":[{"@type":"WebPage","@id":"https:\/\/www.korso.ch\/de\/veranstaltungen\/","url":"https:\/\/www.korso.ch\/de\/veranstaltungen\/","name":"Events - Korso","isPartOf":{"@id":"https:\/\/www.korso.ch\/#website"},"datePublished":"2024-02-20T13:21:48+00:00","dateModified":"2025-12-15T17:36:37+00:00","breadcrumb":{"@id":"https:\/\/www.korso.ch\/de\/veranstaltungen\/#breadcrumb"},"inLanguage":"de","potentialAction":[{"@type":"ReadAction","target":["https:\/\/www.korso.ch\/de\/veranstaltungen\/"]}]},{"@type":"BreadcrumbList","@id":"https:\/\/www.korso.ch\/de\/veranstaltungen\/#breadcrumb","itemListElement":[{"@type":"ListItem","position":1,"name":"Accueil","item":"https:\/\/www.korso.ch\/de\/startseite\/"},{"@type":"ListItem","position":2,"name":"Events"}]},{"@type":"WebSite","@id":"https:\/\/www.korso.ch\/#website","url":"https:\/\/www.korso.ch\/","name":"Korso","description":"Kino Bar Bier Korso","publisher":{"@id":"https:\/\/www.korso.ch\/#organization"},"potentialAction":[{"@type":"SearchAction","target":{"@type":"EntryPoint","urlTemplate":"https:\/\/www.korso.ch\/?s={search_term_string}"},"query-input":{"@type":"PropertyValueSpecification","valueRequired":true,"valueName":"search_term_string"}}],"inLanguage":"de"},{"@type":"Organization","@id":"https:\/\/www.korso.ch\/#organization","name":"Korso Kino Bar Bier","alternateName":"Korso cin\u00e9ma fribourg","url":"https:\/\/www.korso.ch\/","logo":{"@type":"ImageObject","inLanguage":"de","@id":"https:\/\/www.korso.ch\/#\/schema\/logo\/image\/","url":"https:\/\/www.korso.ch\/wp-content\/uploads\/2024\/02\/cropped-icone_web_korso.png","contentUrl":"https:\/\/www.korso.ch\/wp-content\/uploads\/2024\/02\/cropped-icone_web_korso.png","width":512,"height":512,"caption":"Korso Kino Bar Bier"},"image":{"@id":"https:\/\/www.korso.ch\/#\/schema\/logo\/image\/"},"sameAs":["https:\/\/www.facebook.com\/korsokinobarbier\/","https:\/\/www.instagram.com\/korso_kino_bar_bier\/"]}]}},"_links":{"self":[{"href":"https:\/\/www.korso.ch\/de\/wp-json\/wp\/v2\/pages\/31272","targetHints":{"allow":["GET"]}}],"collection":[{"href":"https:\/\/www.korso.ch\/de\/wp-json\/wp\/v2\/pages"}],"about":[{"href":"https:\/\/www.korso.ch\/de\/wp-json\/wp\/v2\/types\/page"}],"author":[{"embeddable":true,"href":"https:\/\/www.korso.ch\/de\/wp-json\/wp\/v2\/users\/1"}],"replies":[{"embeddable":true,"href":"https:\/\/www.korso.ch\/de\/wp-json\/wp\/v2\/comments?post=31272"}],"version-history":[{"count":33,"href":"https:\/\/www.korso.ch\/de\/wp-json\/wp\/v2\/pages\/31272\/revisions"}],"predecessor-version":[{"id":42986,"href":"https:\/\/www.korso.ch\/de\/wp-json\/wp\/v2\/pages\/31272\/revisions\/42986"}],"wp:attachment":[{"href":"https:\/\/www.korso.ch\/de\/wp-json\/wp\/v2\/media?parent=31272"}],"curies":[{"name":"wp","href":"https:\/\/api.w.org\/{rel}","templated":true}]}}