{"id":40587,"date":"2025-11-18T15:25:26","date_gmt":"2025-11-18T14:25:26","guid":{"rendered":"https:\/\/www.korso.ch\/?page_id=40587"},"modified":"2025-11-18T15:25:26","modified_gmt":"2025-11-18T14:25:26","slug":"bar-pizza-2","status":"publish","type":"page","link":"https:\/\/www.korso.ch\/de\/bar-pizza-2\/","title":{"rendered":"Bar \/ Pizza"},"content":{"rendered":"<p>[et_pb_section fb_built=&#8220;1&#8243; custom_padding_last_edited=&#8220;on|tablet&#8220; admin_label=&#8220;Section&#8220; _builder_version=&#8220;4.24.1&#8243; _module_preset=&#8220;default&#8220; custom_padding=&#8220;0px||0px||false|false&#8220; custom_padding_tablet=&#8220;3vh||0px||false|false&#8220; custom_padding_phone=&#8220;3vh||0px||false|false&#8220; custom_css_free_form=&#8220;#main-content .entry-content .et_pb_section:first-child {||  padding-top: 7vh;||}||||@media (min-width: 980px) {||  #main-content .entry-content .et_pb_section:first-child {||  padding-top: 15vh !important;||}||}&#8220; global_module=&#8220;29344&#8243; saved_tabs=&#8220;all&#8220; locked=&#8220;off&#8220; global_colors_info=&#8220;{}&#8220;][et_pb_row _builder_version=&#8220;4.24.1&#8243; _module_preset=&#8220;default&#8220; width=&#8220;90%&#8220; custom_padding=&#8220;0px||0px||false|false&#8220; global_colors_info=&#8220;{}&#8220;][et_pb_column type=&#8220;4_4&#8243; _builder_version=&#8220;4.24.1&#8243; _module_preset=&#8220;default&#8220; global_colors_info=&#8220;{}&#8220;][et_pb_post_title meta=&#8220;off&#8220; featured_image=&#8220;off&#8220; _builder_version=&#8220;4.24.1&#8243; _module_preset=&#8220;default&#8220; title_font=&#8220;|||on|||||&#8220; title_font_size=&#8220;100px&#8220; custom_padding_tablet=&#8220;&#8220; custom_padding_phone=&#8220;6vh||||false|false&#8220; custom_padding_last_edited=&#8220;on|phone&#8220; title_font_size_tablet=&#8220;&#8220; title_font_size_phone=&#8220;50px&#8220; title_font_size_last_edited=&#8220;on|desktop&#8220; global_colors_info=&#8220;{}&#8220;][\/et_pb_post_title][\/et_pb_column][\/et_pb_row][\/et_pb_section][et_pb_section fb_built=&#8220;1&#8243; _builder_version=&#8220;4.24.1&#8243; _module_preset=&#8220;default&#8220; custom_margin=&#8220;0px||0px||true|false&#8220; custom_padding=&#8220;0px||0px||true|false&#8220; locked=&#8220;off&#8220; global_colors_info=&#8220;{}&#8220;][et_pb_row _builder_version=&#8220;4.24.1&#8243; _module_preset=&#8220;default&#8220; width=&#8220;90%&#8220; global_colors_info=&#8220;{}&#8220;][et_pb_column type=&#8220;4_4&#8243; _builder_version=&#8220;4.24.1&#8243; _module_preset=&#8220;default&#8220; global_colors_info=&#8220;{}&#8220;][et_pb_text _builder_version=&#8220;4.24.1&#8243; _module_preset=&#8220;default&#8220; global_colors_info=&#8220;{}&#8220;]<\/p>\n<p><strong>HORAIRES D\u2019OUVERTURE DU BAR<\/strong><\/p>\n<p>LU-SA : 11h30-23h30<\/p>\n<p>DI : 09h30-23h30 &#8211; Brunch d\u00e8s 10h00<\/p>\n<p><!-- [et_pb_line_break_holder] --><\/p>\n<p>Tous les jours notre bar propose une carte simple et efficace (cf. ci-dessous). Trois bi\u00e8res artisanales \u00e0 la pression, brass\u00e9es \u00e0 Cortaillod (Neuch\u00e2tel), dont la fameuse bi\u00e8re au curcuma et poivre noir, ainsi que du vin rouge nature en verre, et en bouteille, de chez Le Naturiste Fribourg, ainsi qu&#8217;un vin blanc \u00e0 la pression de chez Bibarium Gen\u00e8ve.<\/p>\n<p>[\/et_pb_text][et_pb_image src=&#8220;https:\/\/www.korso.ch\/wp-content\/uploads\/2024\/12\/DSF7351\u00a9DRES-HUBACHER-1-scaled.jpg&#8220; title_text=&#8220;_DSF7351\u00a9DRES HUBACHER&#8220; _builder_version=&#8220;4.24.1&#8243; _module_preset=&#8220;default&#8220; global_colors_info=&#8220;{}&#8220;][\/et_pb_image][\/et_pb_column][\/et_pb_row][\/et_pb_section][et_pb_section fb_built=&#8220;1&#8243; _builder_version=&#8220;4.24.1&#8243; _module_preset=&#8220;default&#8220; locked=&#8220;off&#8220; global_colors_info=&#8220;{}&#8220;][et_pb_row _builder_version=&#8220;4.24.1&#8243; _module_preset=&#8220;default&#8220; global_colors_info=&#8220;{}&#8220;][et_pb_column type=&#8220;4_4&#8243; _builder_version=&#8220;4.24.1&#8243; _module_preset=&#8220;default&#8220; global_colors_info=&#8220;{}&#8220;][et_pb_text _builder_version=&#8220;4.24.1&#8243; _module_preset=&#8220;default&#8220; global_colors_info=&#8220;{}&#8220;]<\/p>\n<p class=\"\"><strong>HORAIRES D\u2019OUVERTURE PIZZERIA<\/strong><\/p>\n<p><!-- [et_pb_line_break_holder] --><\/p>\n<p> Tous les jours d\u00e8s 11h30<\/p>\n<p><!-- [et_pb_line_break_holder] --><\/p>\n<p>Tous les jours, nos deux pizzaiolos Benjamin Duffey et Fabio Da Silva Fernandes &#8211; form\u00e9s par le meilleur pizzaiolo napolitain de Lausanne: Toni Cocozza de Made in Italy &#8211; vous proposent un choix unique de 4 pizzas fra\u00eeches du jour \u00e0 la tranche (al taglio): petite portion d\u00e8s CHF 5.-, grande portion d\u00e8s CHF 10.-<\/p>\n<p><!-- [et_pb_line_break_holder] --><\/p>\n<p class=\"\">1. Marinara (ail, tomate)<\/p>\n<p class=\"\">2. Patate e rosmarino<\/p>\n<p><!-- [et_pb_line_break_holder] --><\/p>\n<p class=\"\">3. Margherita (mozzarella, tomate)<\/p>\n<p><!-- [et_pb_line_break_holder] --><\/p>\n<p class=\"\">4. Napoli (c\u00e2pres, anchois, olives noires).<\/p>\n<p>[\/et_pb_text][et_pb_image src=&#8220;https:\/\/www.korso.ch\/wp-content\/uploads\/2025\/02\/20241223_122036-scaled.jpg&#8220; title_text=&#8220;20241223_122036&#8243; _builder_version=&#8220;4.24.1&#8243; _module_preset=&#8220;default&#8220; global_colors_info=&#8220;{}&#8220;][\/et_pb_image][\/et_pb_column][\/et_pb_row][\/et_pb_section]<\/p>\n","protected":false},"excerpt":{"rendered":"<p>HORAIRES D\u2019OUVERTURE DU BAR LU-SA : 11h30-23h30 DI : 09h30-23h30 &#8211; Brunch d\u00e8s 10h00 Tous les jours notre bar propose une carte simple et efficace (cf. ci-dessous). Trois bi\u00e8res artisanales \u00e0 la pression, brass\u00e9es \u00e0 Cortaillod (Neuch\u00e2tel), dont la fameuse bi\u00e8re au curcuma et poivre noir, ainsi que du vin rouge nature en verre, et [&hellip;]<\/p>\n","protected":false},"author":8,"featured_media":0,"parent":0,"menu_order":0,"comment_status":"closed","ping_status":"closed","template":"","meta":{"_acf_changed":false,"_et_pb_use_builder":"on","_et_pb_old_content":"","_et_gb_content_width":"","footnotes":""},"class_list":["post-40587","page","type-page","status-publish","hentry"],"acf":[],"yoast_head":"<!-- This site is optimized with the Yoast SEO plugin v26.4 - https:\/\/yoast.com\/wordpress\/plugins\/seo\/ -->\n<title>Bar \/ Pizza - Korso<\/title>\n<meta name=\"robots\" content=\"index, follow, max-snippet:-1, max-image-preview:large, max-video-preview:-1\" \/>\n<link rel=\"canonical\" href=\"https:\/\/www.korso.ch\/test-seba\/\" \/>\n<meta property=\"og:locale\" content=\"de_DE\" \/>\n<meta property=\"og:type\" content=\"article\" \/>\n<meta property=\"og:title\" content=\"Bar \/ Pizza - Korso\" \/>\n<meta property=\"og:description\" content=\"HORAIRES D\u2019OUVERTURE DU BAR LU-SA : 11h30-23h30 DI : 09h30-23h30 - Brunch d\u00e8s 10h00 Tous les jours notre bar propose une carte simple et efficace (cf. ci-dessous). Trois bi\u00e8res artisanales \u00e0 la pression, brass\u00e9es \u00e0 Cortaillod (Neuch\u00e2tel), dont la fameuse bi\u00e8re au curcuma et poivre noir, ainsi que du vin rouge nature en verre, et [&hellip;]\" \/>\n<meta property=\"og:site_name\" content=\"Korso\" \/>\n<meta property=\"article:publisher\" content=\"https:\/\/www.facebook.com\/korsokinobarbier\/\" \/>\n<meta name=\"twitter:card\" content=\"summary_large_image\" \/>\n<meta name=\"twitter:label1\" content=\"Gesch\u00e4tzte Lesezeit\" \/>\n\t<meta name=\"twitter:data1\" content=\"4\u00a0Minuten\" \/>\n<script type=\"application\/ld+json\" class=\"yoast-schema-graph\">{\"@context\":\"https:\/\/schema.org\",\"@graph\":[{\"@type\":\"WebPage\",\"@id\":\"https:\/\/www.korso.ch\/test-seba\/\",\"url\":\"https:\/\/www.korso.ch\/test-seba\/\",\"name\":\"Bar \/ Pizza - Korso\",\"isPartOf\":{\"@id\":\"https:\/\/www.korso.ch\/#website\"},\"datePublished\":\"2025-11-18T14:25:26+00:00\",\"breadcrumb\":{\"@id\":\"https:\/\/www.korso.ch\/test-seba\/#breadcrumb\"},\"inLanguage\":\"de\",\"potentialAction\":[{\"@type\":\"ReadAction\",\"target\":[\"https:\/\/www.korso.ch\/test-seba\/\"]}]},{\"@type\":\"BreadcrumbList\",\"@id\":\"https:\/\/www.korso.ch\/test-seba\/#breadcrumb\",\"itemListElement\":[{\"@type\":\"ListItem\",\"position\":1,\"name\":\"Accueil\",\"item\":\"https:\/\/www.korso.ch\/de\/startseite\/\"},{\"@type\":\"ListItem\",\"position\":2,\"name\":\"Bar \/ Pizza\"}]},{\"@type\":\"WebSite\",\"@id\":\"https:\/\/www.korso.ch\/#website\",\"url\":\"https:\/\/www.korso.ch\/\",\"name\":\"Korso\",\"description\":\"Kino Bar Bier Korso\",\"publisher\":{\"@id\":\"https:\/\/www.korso.ch\/#organization\"},\"potentialAction\":[{\"@type\":\"SearchAction\",\"target\":{\"@type\":\"EntryPoint\",\"urlTemplate\":\"https:\/\/www.korso.ch\/?s={search_term_string}\"},\"query-input\":{\"@type\":\"PropertyValueSpecification\",\"valueRequired\":true,\"valueName\":\"search_term_string\"}}],\"inLanguage\":\"de\"},{\"@type\":\"Organization\",\"@id\":\"https:\/\/www.korso.ch\/#organization\",\"name\":\"Korso Kino Bar Bier\",\"alternateName\":\"Korso cin\u00e9ma fribourg\",\"url\":\"https:\/\/www.korso.ch\/\",\"logo\":{\"@type\":\"ImageObject\",\"inLanguage\":\"de\",\"@id\":\"https:\/\/www.korso.ch\/#\/schema\/logo\/image\/\",\"url\":\"https:\/\/www.korso.ch\/wp-content\/uploads\/2024\/02\/cropped-icone_web_korso.png\",\"contentUrl\":\"https:\/\/www.korso.ch\/wp-content\/uploads\/2024\/02\/cropped-icone_web_korso.png\",\"width\":512,\"height\":512,\"caption\":\"Korso Kino Bar Bier\"},\"image\":{\"@id\":\"https:\/\/www.korso.ch\/#\/schema\/logo\/image\/\"},\"sameAs\":[\"https:\/\/www.facebook.com\/korsokinobarbier\/\",\"https:\/\/www.instagram.com\/korso_kino_bar_bier\/\"]}]}<\/script>\n<!-- \/ Yoast SEO plugin. -->","yoast_head_json":{"title":"Bar \/ Pizza - Korso","robots":{"index":"index","follow":"follow","max-snippet":"max-snippet:-1","max-image-preview":"max-image-preview:large","max-video-preview":"max-video-preview:-1"},"canonical":"https:\/\/www.korso.ch\/test-seba\/","og_locale":"de_DE","og_type":"article","og_title":"Bar \/ Pizza - Korso","og_description":"HORAIRES D\u2019OUVERTURE DU BAR LU-SA : 11h30-23h30 DI : 09h30-23h30 - Brunch d\u00e8s 10h00 Tous les jours notre bar propose une carte simple et efficace (cf. ci-dessous). Trois bi\u00e8res artisanales \u00e0 la pression, brass\u00e9es \u00e0 Cortaillod (Neuch\u00e2tel), dont la fameuse bi\u00e8re au curcuma et poivre noir, ainsi que du vin rouge nature en verre, et [&hellip;]","og_site_name":"Korso","article_publisher":"https:\/\/www.facebook.com\/korsokinobarbier\/","twitter_card":"summary_large_image","twitter_misc":{"Gesch\u00e4tzte Lesezeit":"4\u00a0Minuten"},"schema":{"@context":"https:\/\/schema.org","@graph":[{"@type":"WebPage","@id":"https:\/\/www.korso.ch\/test-seba\/","url":"https:\/\/www.korso.ch\/test-seba\/","name":"Bar \/ Pizza - Korso","isPartOf":{"@id":"https:\/\/www.korso.ch\/#website"},"datePublished":"2025-11-18T14:25:26+00:00","breadcrumb":{"@id":"https:\/\/www.korso.ch\/test-seba\/#breadcrumb"},"inLanguage":"de","potentialAction":[{"@type":"ReadAction","target":["https:\/\/www.korso.ch\/test-seba\/"]}]},{"@type":"BreadcrumbList","@id":"https:\/\/www.korso.ch\/test-seba\/#breadcrumb","itemListElement":[{"@type":"ListItem","position":1,"name":"Accueil","item":"https:\/\/www.korso.ch\/de\/startseite\/"},{"@type":"ListItem","position":2,"name":"Bar \/ Pizza"}]},{"@type":"WebSite","@id":"https:\/\/www.korso.ch\/#website","url":"https:\/\/www.korso.ch\/","name":"Korso","description":"Kino Bar Bier Korso","publisher":{"@id":"https:\/\/www.korso.ch\/#organization"},"potentialAction":[{"@type":"SearchAction","target":{"@type":"EntryPoint","urlTemplate":"https:\/\/www.korso.ch\/?s={search_term_string}"},"query-input":{"@type":"PropertyValueSpecification","valueRequired":true,"valueName":"search_term_string"}}],"inLanguage":"de"},{"@type":"Organization","@id":"https:\/\/www.korso.ch\/#organization","name":"Korso Kino Bar Bier","alternateName":"Korso cin\u00e9ma fribourg","url":"https:\/\/www.korso.ch\/","logo":{"@type":"ImageObject","inLanguage":"de","@id":"https:\/\/www.korso.ch\/#\/schema\/logo\/image\/","url":"https:\/\/www.korso.ch\/wp-content\/uploads\/2024\/02\/cropped-icone_web_korso.png","contentUrl":"https:\/\/www.korso.ch\/wp-content\/uploads\/2024\/02\/cropped-icone_web_korso.png","width":512,"height":512,"caption":"Korso Kino Bar Bier"},"image":{"@id":"https:\/\/www.korso.ch\/#\/schema\/logo\/image\/"},"sameAs":["https:\/\/www.facebook.com\/korsokinobarbier\/","https:\/\/www.instagram.com\/korso_kino_bar_bier\/"]}]}},"_links":{"self":[{"href":"https:\/\/www.korso.ch\/de\/wp-json\/wp\/v2\/pages\/40587","targetHints":{"allow":["GET"]}}],"collection":[{"href":"https:\/\/www.korso.ch\/de\/wp-json\/wp\/v2\/pages"}],"about":[{"href":"https:\/\/www.korso.ch\/de\/wp-json\/wp\/v2\/types\/page"}],"author":[{"embeddable":true,"href":"https:\/\/www.korso.ch\/de\/wp-json\/wp\/v2\/users\/8"}],"replies":[{"embeddable":true,"href":"https:\/\/www.korso.ch\/de\/wp-json\/wp\/v2\/comments?post=40587"}],"version-history":[{"count":1,"href":"https:\/\/www.korso.ch\/de\/wp-json\/wp\/v2\/pages\/40587\/revisions"}],"predecessor-version":[{"id":40588,"href":"https:\/\/www.korso.ch\/de\/wp-json\/wp\/v2\/pages\/40587\/revisions\/40588"}],"wp:attachment":[{"href":"https:\/\/www.korso.ch\/de\/wp-json\/wp\/v2\/media?parent=40587"}],"curies":[{"name":"wp","href":"https:\/\/api.w.org\/{rel}","templated":true}]}}