{"id":41113,"date":"2025-11-24T21:16:35","date_gmt":"2025-11-24T20:16:35","guid":{"rendered":"https:\/\/www.korso.ch\/kalerie\/"},"modified":"2026-04-01T17:28:52","modified_gmt":"2026-04-01T15:28:52","slug":"kalerie","status":"publish","type":"page","link":"https:\/\/www.korso.ch\/de\/kalerie\/","title":{"rendered":"Kalerie"},"content":{"rendered":"<p>[et_pb_section fb_built=&#8220;1&#8243; custom_padding_last_edited=&#8220;on|tablet&#8220; admin_label=&#8220;Section&#8220; _builder_version=&#8220;4.24.1&#8243; _module_preset=&#8220;default&#8220; custom_padding=&#8220;0px||0px||false|false&#8220; custom_padding_tablet=&#8220;1vh||0px||false|false&#8220; custom_padding_phone=&#8220;1vh||0px||false|false&#8220; custom_css_free_form=&#8220;#main-content .entry-content .et_pb_section:first-child {||  padding-top: 7vh;||}||||@media (min-width: 980px) {||  #main-content .entry-content .et_pb_section:first-child {||  padding-top: 15vh !important;||}||}&#8220; saved_tabs=&#8220;all&#8220; locked=&#8220;off&#8220; global_colors_info=&#8220;{}&#8220;][et_pb_row _builder_version=&#8220;4.24.1&#8243; _module_preset=&#8220;default&#8220; width=&#8220;90%&#8220; custom_margin=&#8220;|5%||5%|false|false&#8220; custom_padding=&#8220;0px||0px||false|false&#8220; global_colors_info=&#8220;{}&#8220;][et_pb_column type=&#8220;4_4&#8243; _builder_version=&#8220;4.24.1&#8243; _module_preset=&#8220;default&#8220; global_colors_info=&#8220;{}&#8220;][et_pb_post_title meta=&#8220;off&#8220; featured_image=&#8220;off&#8220; _builder_version=&#8220;4.24.1&#8243; _module_preset=&#8220;default&#8220; title_font=&#8220;|||on|||||&#8220; title_font_size=&#8220;100px&#8220; custom_padding_tablet=&#8220;0px||||false|false&#8220; custom_padding_phone=&#8220;0px||||false|false&#8220; custom_padding_last_edited=&#8220;on|phone&#8220; title_font_size_tablet=&#8220;&#8220; title_font_size_phone=&#8220;50px&#8220; title_font_size_last_edited=&#8220;on|desktop&#8220; global_colors_info=&#8220;{}&#8220;][\/et_pb_post_title][\/et_pb_column][\/et_pb_row][\/et_pb_section][et_pb_section fb_built=&#8220;1&#8243; admin_label=&#8220;Section&#8220; _builder_version=&#8220;4.24.1&#8243; _module_preset=&#8220;default&#8220; custom_margin=&#8220;||||false|false&#8220; custom_padding=&#8220;0px||||false|false&#8220; global_colors_info=&#8220;{}&#8220;][et_pb_row column_structure=&#8220;1_2,1_2&#8243; custom_padding_last_edited=&#8220;on|phone&#8220; _builder_version=&#8220;4.24.1&#8243; _module_preset=&#8220;default&#8220; width=&#8220;100%&#8220; max_width=&#8220;90%&#8220; custom_margin=&#8220;|5%||5%|false|false&#8220; custom_padding=&#8220;||||false|false&#8220; custom_padding_tablet=&#8220;||||false|false&#8220; custom_padding_phone=&#8220;0px||||false|false&#8220; global_colors_info=&#8220;{}&#8220;][et_pb_column type=&#8220;1_2&#8243; _builder_version=&#8220;4.24.1&#8243; _module_preset=&#8220;default&#8220; global_colors_info=&#8220;{}&#8220;][et_pb_image src=&#8220;https:\/\/www.korso.ch\/wp-content\/uploads\/2026\/04\/jokinhullin-1920&#215;1080-2.jpg&#8220; title_text=&#8220;jokinhullin-1920&#215;1080&#8243; _builder_version=&#8220;4.24.1&#8243; _module_preset=&#8220;default&#8220; hover_enabled=&#8220;0&#8243; border_radii=&#8220;on|30px|30px|30px|30px&#8220; global_colors_info=&#8220;{}&#8220; sticky_enabled=&#8220;0&#8243;][\/et_pb_image][\/et_pb_column][et_pb_column type=&#8220;1_2&#8243; _builder_version=&#8220;4.24.1&#8243; _module_preset=&#8220;default&#8220; global_colors_info=&#8220;{}&#8220;][et_pb_text admin_label=&#8220;Titre&#8220; _builder_version=&#8220;4.24.1&#8243; _module_preset=&#8220;default&#8220; text_font=&#8220;marsden|||on|||||&#8220; text_font_size=&#8220;40px&#8220; hover_enabled=&#8220;0&#8243; locked=&#8220;off&#8220; global_colors_info=&#8220;{}&#8220; sticky_enabled=&#8220;0&#8243;]<\/p>\n<div class=\"et_pb_module et_pb_text et_pb_text_0  et_pb_text_align_left et_pb_bg_layout_light\">\n<div class=\"et_pb_text_inner\">\n<div class=\"et_pb_module et_pb_text et_pb_text_0  et_pb_text_align_left et_pb_bg_layout_light\">\n<div class=\"et_pb_text_inner\">\n<p>Vibrierende Mandalas<\/p>\n<\/div>\n<\/div>\n<\/div>\n<\/div>\n<p>[\/et_pb_text][et_pb_text admin_label=&#8220;Sous-titre&#8220; _builder_version=&#8220;4.24.1&#8243; _module_preset=&#8220;default&#8220; text_font=&#8220;marsden||||||||&#8220; text_line_height=&#8220;1em&#8220; custom_margin=&#8220;||10px||false|false&#8220; hover_enabled=&#8220;0&#8243; locked=&#8220;off&#8220; global_colors_info=&#8220;{}&#8220; sticky_enabled=&#8220;0&#8243;]<\/p>\n<p><span style=\"color: #ff7411;\">SAMSTAG, 9. MAI 2026 AB 18 UHR<\/span><\/p>\n<div class=\"et_pb_module et_pb_text et_pb_text_1  et_pb_text_align_left et_pb_bg_layout_light\">\n<div class=\"et_pb_text_inner\">\n<p>&nbsp;<\/p>\n<p>VERNISSAGE: AUSSTELLUNG UND BEGEGNUNG MIT DEM K\u00dcNSTLER JOKIN KULLIN<\/p>\n<\/div>\n<\/div>\n<div class=\"et_pb_module et_pb_text et_pb_text_2  et_pb_text_align_left et_pb_bg_layout_light\">\n<div class=\"et_pb_text_inner\">\u00a0<\/div>\n<\/div>\n<p>[\/et_pb_text][et_pb_text admin_label=&#8220;Texte&#8220; _builder_version=&#8220;4.24.1&#8243; _module_preset=&#8220;default&#8220; text_font_size=&#8220;15px&#8220; text_line_height=&#8220;1.2em&#8220; custom_margin=&#8220;||10px||false|false&#8220; hover_enabled=&#8220;0&#8243; locked=&#8220;off&#8220; global_colors_info=&#8220;{}&#8220; sticky_enabled=&#8220;0&#8243;]<\/p>\n<p>Von Samstag, dem 9. Mai, bis Freitag, dem 29. Mai, stellt Jokin Hullin seine Werke in der Kalerie (Galerie des Korso)<\/p>\n<p>Als Autodidakt verwandelt Jokin Hullin seit seiner Kindheit Dinge, die er gesammelt, erlebt oder beobachtet hat, um sie mit anderen zu teilen.<br \/>Seine Werke bestehen aus kleinen, sich wiederholenden Strichen, deren Originalit\u00e4t jedes Werk zu einem Unikat macht.<br \/>Seine Leidenschaft und seine Kunst sind intuitiv, frei, ambitioniert und eng mit Fraktalen verbunden.<\/p>\n<p>[\/et_pb_text][\/et_pb_column][\/et_pb_row][\/et_pb_section][et_pb_section fb_built=&#8220;1&#8243; admin_label=&#8220;Section&#8220; _builder_version=&#8220;4.24.1&#8243; _module_preset=&#8220;default&#8220; custom_margin=&#8220;||||false|false&#8220; custom_padding=&#8220;0px||||false|false&#8220; global_colors_info=&#8220;{}&#8220;][et_pb_row column_structure=&#8220;1_2,1_2&#8243; custom_padding_last_edited=&#8220;on|phone&#8220; _builder_version=&#8220;4.24.1&#8243; _module_preset=&#8220;default&#8220; width=&#8220;100%&#8220; max_width=&#8220;90%&#8220; custom_margin=&#8220;|5%||5%|false|false&#8220; custom_padding=&#8220;||||false|false&#8220; custom_padding_tablet=&#8220;||||false|false&#8220; custom_padding_phone=&#8220;0px||||false|false&#8220; global_colors_info=&#8220;{}&#8220;][et_pb_column type=&#8220;1_2&#8243; _builder_version=&#8220;4.24.1&#8243; _module_preset=&#8220;default&#8220; global_colors_info=&#8220;{}&#8220;][et_pb_image src=&#8220;https:\/\/www.korso.ch\/wp-content\/uploads\/2026\/03\/lancelot-1920&#215;1080-4.jpg&#8220; title_text=&#8220;lancelot-1920&#215;1080&#8243; _builder_version=&#8220;4.24.1&#8243; _module_preset=&#8220;default&#8220; border_radii=&#8220;on|30px|30px|30px|30px&#8220; global_colors_info=&#8220;{}&#8220;][\/et_pb_image][\/et_pb_column][et_pb_column type=&#8220;1_2&#8243; _builder_version=&#8220;4.24.1&#8243; _module_preset=&#8220;default&#8220; global_colors_info=&#8220;{}&#8220;][et_pb_text admin_label=&#8220;Titre&#8220; _builder_version=&#8220;4.24.1&#8243; _module_preset=&#8220;default&#8220; text_font=&#8220;marsden|||on|||||&#8220; text_font_size=&#8220;40px&#8220; locked=&#8220;off&#8220; global_colors_info=&#8220;{}&#8220;]<\/p>\n<div class=\"et_pb_module et_pb_text et_pb_text_0  et_pb_text_align_left et_pb_bg_layout_light\">\n<div class=\"et_pb_text_inner\">\n<p>FREE BIRDs<\/p>\n<\/div>\n<\/div>\n<p>[\/et_pb_text][et_pb_text admin_label=&#8220;Sous-titre&#8220; _builder_version=&#8220;4.24.1&#8243; _module_preset=&#8220;default&#8220; text_font=&#8220;marsden||||||||&#8220; text_line_height=&#8220;1em&#8220; custom_margin=&#8220;||10px||false|false&#8220; locked=&#8220;off&#8220; global_colors_info=&#8220;{}&#8220;]<\/p>\n<p><span style=\"color: #ff7411;\">FREITAG, 20. M\u00c4RZ 2026 AB 18 UHR<\/span><\/p>\n<p>VERNISSAGE: AUSSTELLUNG UND BEGEGNUNG MIT DEM K\u00dcNSTLER KREVAR.CH<\/p>\n<p>[\/et_pb_text][et_pb_text admin_label=&#8220;Texte&#8220; _builder_version=&#8220;4.24.1&#8243; _module_preset=&#8220;default&#8220; text_font_size=&#8220;15px&#8220; text_line_height=&#8220;1.2em&#8220; custom_margin=&#8220;||10px||false|false&#8220; locked=&#8220;off&#8220; global_colors_info=&#8220;{}&#8220;]<\/p>\n<p>Diese Fotoserie dreht sich um den Begriff der Freiheit: eine unerreichbare, manchmal illegale und oft unsichtbare Freiheit.<\/p>\n<p>Die Bilder dokumentieren Momente und Projekte, die au\u00dferhalb jeglicher institutioneller oder genehmigter Rahmenbedingungen entstanden sind. Sie zeigen Praktiken und Erfahrungen, die selten dargestellt werden.<\/p>\n<p>Das Ziel dieses Vorhabens ist es nicht, diese Handlungen zu f\u00f6rdern, sondern sie zu beobachten und zu archivieren. Er bietet einem Publikum au\u00dferhalb dieses Milieus Zugang zu diesen durch die Fotografie festgehaltenen Augenblicken.<\/p>\n<p>Das Projekt ist somit Teil eines visuellen Archivs des Verg\u00e4nglichen: Es bewahrt Momente, die andernfalls verschwinden w\u00fcrden.<\/p>\n<p>Jedes Foto wird als Einzelabzug angeboten und kann zu einem frei w\u00e4hlbaren Preis erworben werden.<\/p>\n<p>[\/et_pb_text][et_pb_text admin_label=&#8220;Texte&#8220; _builder_version=&#8220;4.24.1&#8243; _module_preset=&#8220;default&#8220; text_font_size=&#8220;15px&#8220; text_line_height=&#8220;1.2em&#8220; custom_margin=&#8220;||10px||false|false&#8220; locked=&#8220;off&#8220; global_colors_info=&#8220;{}&#8220;][\/et_pb_text][\/et_pb_column][\/et_pb_row][\/et_pb_section][et_pb_section fb_built=&#8220;1&#8243; admin_label=&#8220;Section&#8220; _builder_version=&#8220;4.24.1&#8243; _module_preset=&#8220;default&#8220; custom_margin=&#8220;||||false|false&#8220; custom_padding=&#8220;0px||||false|false&#8220; global_colors_info=&#8220;{}&#8220;][et_pb_row column_structure=&#8220;1_2,1_2&#8243; custom_padding_last_edited=&#8220;on|phone&#8220; _builder_version=&#8220;4.24.1&#8243; _module_preset=&#8220;default&#8220; width=&#8220;100%&#8220; max_width=&#8220;90%&#8220; custom_margin=&#8220;|5%||5%|false|false&#8220; custom_padding=&#8220;||||false|false&#8220; custom_padding_tablet=&#8220;||||false|false&#8220; custom_padding_phone=&#8220;0px||||false|false&#8220; global_colors_info=&#8220;{}&#8220;][et_pb_column type=&#8220;1_2&#8243; _builder_version=&#8220;4.24.1&#8243; _module_preset=&#8220;default&#8220; global_colors_info=&#8220;{}&#8220;][et_pb_image src=&#8220;https:\/\/www.korso.ch\/wp-content\/uploads\/2026\/01\/KORSO-SALLE.jpg&#8220; title_text=&#8220;KORSO SALLE&#8220; _builder_version=&#8220;4.24.1&#8243; _module_preset=&#8220;default&#8220; border_radii=&#8220;on|30px|30px|30px|30px&#8220; global_colors_info=&#8220;{}&#8220;][\/et_pb_image][\/et_pb_column][et_pb_column type=&#8220;1_2&#8243; _builder_version=&#8220;4.24.1&#8243; _module_preset=&#8220;default&#8220; global_colors_info=&#8220;{}&#8220;][et_pb_text admin_label=&#8220;Titre&#8220; _builder_version=&#8220;4.24.1&#8243; _module_preset=&#8220;default&#8220; text_font=&#8220;marsden|||on|||||&#8220; text_font_size=&#8220;40px&#8220; locked=&#8220;off&#8220; global_colors_info=&#8220;{}&#8220;]DER KORSO IN SCHWARZ-WEISS[\/et_pb_text][et_pb_text admin_label=&#8220;Sous-titre&#8220; _builder_version=&#8220;4.24.1&#8243; _module_preset=&#8220;default&#8220; text_font=&#8220;marsden||||||||&#8220; text_line_height=&#8220;1em&#8220; custom_margin=&#8220;||10px||false|false&#8220; locked=&#8220;off&#8220; global_colors_info=&#8220;{}&#8220;]<\/p>\n<p>Vom 15. Dezember bis zum 4. Februar <span style=\"color: #ff7411;\"><\/span>k\u00f6nnen Sie die mythische Geschichte des Kinos Corso anhand von Archivbildern, Zeitungsausschnitten und anderen Relikten der Vergangenheit nacherleben.<\/p>\n<p>[\/et_pb_text][et_pb_text admin_label=&#8220;Texte&#8220; _builder_version=&#8220;4.24.1&#8243; _module_preset=&#8220;default&#8220; text_font_size=&#8220;15px&#8220; text_line_height=&#8220;1.2em&#8220; custom_margin=&#8220;||10px||false|false&#8220; locked=&#8220;off&#8220; global_colors_info=&#8220;{}&#8220;][\/et_pb_text][et_pb_text admin_label=&#8220;Texte&#8220; _builder_version=&#8220;4.24.1&#8243; _module_preset=&#8220;default&#8220; text_font_size=&#8220;15px&#8220; text_line_height=&#8220;1.2em&#8220; custom_margin=&#8220;||10px||false|false&#8220; locked=&#8220;off&#8220; global_colors_info=&#8220;{}&#8220;]Das am 11. M\u00e4rz 1948 eingeweihte Kino Corso hat seine Zuschauerinnen und Zuschauer seit jeher begeistert und bewegt. Auf seinen Leinw\u00e4nden wurden Tausende von Filmen gezeigt, und in seinen S\u00e4len wurden Pers\u00f6nlichkeiten aus der Welt des Films bei Galas, Vorpremieren, Sondervorf\u00fchrungen usw. empfangen. Tauchen Sie anhand von Zeitungsausschnitten und Archivbildern in die Anekdoten und wichtigsten Ereignisse dieses unverzichtbaren Ortes der Stadt Freiburg ein. <\/p>\n<p>Fotos: Kantons- und Universit\u00e4tsbibliothek Freiburg, Fonds Johann und Jean M\u00fclhauser, JOMU und Fonds Jacques Th\u00e9voz, JATH.[\/et_pb_text][\/et_pb_column][\/et_pb_row][\/et_pb_section][et_pb_section fb_built=&#8220;1&#8243; admin_label=&#8220;Section&#8220; _builder_version=&#8220;4.24.1&#8243; _module_preset=&#8220;default&#8220; custom_margin=&#8220;||||false|false&#8220; custom_padding=&#8220;0px||||false|false&#8220; global_colors_info=&#8220;{}&#8220;][et_pb_row column_structure=&#8220;1_2,1_2&#8243; custom_padding_last_edited=&#8220;on|phone&#8220; _builder_version=&#8220;4.24.1&#8243; _module_preset=&#8220;default&#8220; width=&#8220;100%&#8220; max_width=&#8220;90%&#8220; custom_margin=&#8220;|5%||5%|false|false&#8220; custom_padding=&#8220;||||false|false&#8220; custom_padding_tablet=&#8220;||||false|false&#8220; custom_padding_phone=&#8220;0px||||false|false&#8220; global_colors_info=&#8220;{}&#8220;][et_pb_column type=&#8220;1_2&#8243; _builder_version=&#8220;4.24.1&#8243; _module_preset=&#8220;default&#8220; global_colors_info=&#8220;{}&#8220;][et_pb_image src=&#8220;https:\/\/www.korso.ch\/wp-content\/uploads\/2026\/01\/psychedelicLights.jpg&#8220; title_text=&#8220;psychedelicLights&#8220; _builder_version=&#8220;4.24.1&#8243; _module_preset=&#8220;default&#8220; border_radii=&#8220;on|30px|30px|30px|30px&#8220; global_colors_info=&#8220;{}&#8220;][\/et_pb_image][\/et_pb_column][et_pb_column type=&#8220;1_2&#8243; _builder_version=&#8220;4.24.1&#8243; _module_preset=&#8220;default&#8220; global_colors_info=&#8220;{}&#8220;][et_pb_text admin_label=&#8220;Titre&#8220; _builder_version=&#8220;4.24.1&#8243; _module_preset=&#8220;default&#8220; text_font=&#8220;marsden|||on|||||&#8220; text_font_size=&#8220;40px&#8220; locked=&#8220;off&#8220; global_colors_info=&#8220;{}&#8220;]Psychedelight[\/et_pb_text][et_pb_text admin_label=&#8220;Sous-titre&#8220; _builder_version=&#8220;4.24.1&#8243; _module_preset=&#8220;default&#8220; text_font=&#8220;marsden||||||||&#8220; text_line_height=&#8220;1em&#8220; custom_margin=&#8220;||10px||false|false&#8220; locked=&#8220;off&#8220; global_colors_info=&#8220;{}&#8220;]<span style=\"color: #ff7411;\"> DONNERSTAG, 5. FEBRUAR 2026, AB 19 UHR<\/span><br \/>\nVERNISSAGE : AUSSTELLUNG MIT ANSCHLIESSENDER ORIGINELLER PROJEKTIONSPERFORMANCE MIT AL COMET IM LIVE-KONZERT UND SOFA AIRLINE.[\/et_pb_text][et_pb_text admin_label=&#8220;Texte&#8220; _builder_version=&#8220;4.24.1&#8243; _module_preset=&#8220;default&#8220; text_font_size=&#8220;15px&#8220; text_line_height=&#8220;1.2em&#8220; custom_margin=&#8220;||10px||false|false&#8220; locked=&#8220;off&#8220; global_colors_info=&#8220;{}&#8220;][\/et_pb_text][et_pb_text admin_label=&#8220;Texte&#8220; _builder_version=&#8220;4.24.1&#8243; _module_preset=&#8220;default&#8220; text_font_size=&#8220;15px&#8220; text_line_height=&#8220;1.2em&#8220; custom_margin=&#8220;||10px||false|false&#8220; locked=&#8220;off&#8220; global_colors_info=&#8220;{}&#8220;]Jean-Louis Gafner hat eine einfache Technik f\u00fcr st\u00e4ndig wechselnde Spezialeffekte entwickelt und damit unz\u00e4hlige farbenfrohe Universen in Bewegung geschaffen, die sich in sanfter, flie\u00dfender Beweglichkeit entsprechend den Rhythmen und Kl\u00e4ngen der Musik ver\u00e4ndern. Er hat bestimmte Landschaften dieser Parallelwelten auf Fotos festgehalten, die in dieser Ausstellung zu sehen sind. <br \/>\nEr bereiste Indien mit seinem Kumpel Al Comet (ex-Young Gods), der ihn bei seinen Sitar-Konzerten von den Ufern des Ganges \u00fcber Goa bis nach Kathmandu begleitete. <br \/>\n<span style=\"color: #ff7411;\">Er hat an dem Film von Pipilotti Rist (Pepperminta) mitgewirkt, der am Samstag, 21. Februar, um 20 Uhr im Korso gezeigt wird.<\/span>[\/et_pb_text][\/et_pb_column][\/et_pb_row][\/et_pb_section]<\/p>\n","protected":false},"excerpt":{"rendered":"<p>Vibrierende Mandalas SAMSTAG, 9. MAI 2026 AB 18 UHR &nbsp; VERNISSAGE: AUSSTELLUNG UND BEGEGNUNG MIT DEM K\u00dcNSTLER JOKIN KULLIN \u00a0 Von Samstag, dem 9. Mai, bis Freitag, dem 29. Mai, stellt Jokin Hullin seine Werke in der Kalerie (Galerie des Korso) Als Autodidakt verwandelt Jokin Hullin seit seiner Kindheit Dinge, die er gesammelt, erlebt oder [&hellip;]<\/p>\n","protected":false},"author":1,"featured_media":0,"parent":0,"menu_order":0,"comment_status":"closed","ping_status":"closed","template":"","meta":{"_acf_changed":false,"_et_pb_use_builder":"on","_et_pb_old_content":"","_et_gb_content_width":"","footnotes":""},"class_list":["post-41113","page","type-page","status-publish","hentry"],"acf":[],"yoast_head":"<!-- This site is optimized with the Yoast SEO plugin v26.4 - https:\/\/yoast.com\/wordpress\/plugins\/seo\/ -->\n<title>Kalerie - Korso<\/title>\n<meta name=\"robots\" content=\"index, follow, max-snippet:-1, max-image-preview:large, max-video-preview:-1\" \/>\n<link rel=\"canonical\" href=\"https:\/\/www.korso.ch\/de\/kalerie\/\" \/>\n<meta property=\"og:locale\" content=\"de_DE\" \/>\n<meta property=\"og:type\" content=\"article\" \/>\n<meta property=\"og:title\" content=\"Kalerie - Korso\" \/>\n<meta property=\"og:description\" content=\"Vibrierende Mandalas SAMSTAG, 9. MAI 2026 AB 18 UHR &nbsp; VERNISSAGE: AUSSTELLUNG UND BEGEGNUNG MIT DEM K\u00dcNSTLER JOKIN KULLIN \u00a0 Von Samstag, dem 9. Mai, bis Freitag, dem 29. Mai, stellt Jokin Hullin seine Werke in der Kalerie (Galerie des Korso) Als Autodidakt verwandelt Jokin Hullin seit seiner Kindheit Dinge, die er gesammelt, erlebt oder [&hellip;]\" \/>\n<meta property=\"og:site_name\" content=\"Korso\" \/>\n<meta property=\"article:publisher\" content=\"https:\/\/www.facebook.com\/korsokinobarbier\/\" \/>\n<meta property=\"article:modified_time\" content=\"2026-04-01T15:28:52+00:00\" \/>\n<meta name=\"twitter:card\" content=\"summary_large_image\" \/>\n<meta name=\"twitter:label1\" content=\"Gesch\u00e4tzte Lesezeit\" \/>\n\t<meta name=\"twitter:data1\" content=\"4\u00a0Minuten\" \/>\n<script type=\"application\/ld+json\" class=\"yoast-schema-graph\">{\"@context\":\"https:\/\/schema.org\",\"@graph\":[{\"@type\":\"WebPage\",\"@id\":\"https:\/\/www.korso.ch\/de\/kalerie\/\",\"url\":\"https:\/\/www.korso.ch\/de\/kalerie\/\",\"name\":\"Kalerie - Korso\",\"isPartOf\":{\"@id\":\"https:\/\/www.korso.ch\/#website\"},\"datePublished\":\"2025-11-24T20:16:35+00:00\",\"dateModified\":\"2026-04-01T15:28:52+00:00\",\"breadcrumb\":{\"@id\":\"https:\/\/www.korso.ch\/de\/kalerie\/#breadcrumb\"},\"inLanguage\":\"de\",\"potentialAction\":[{\"@type\":\"ReadAction\",\"target\":[\"https:\/\/www.korso.ch\/de\/kalerie\/\"]}]},{\"@type\":\"BreadcrumbList\",\"@id\":\"https:\/\/www.korso.ch\/de\/kalerie\/#breadcrumb\",\"itemListElement\":[{\"@type\":\"ListItem\",\"position\":1,\"name\":\"Accueil\",\"item\":\"https:\/\/www.korso.ch\/de\/startseite\/\"},{\"@type\":\"ListItem\",\"position\":2,\"name\":\"Kalerie\"}]},{\"@type\":\"WebSite\",\"@id\":\"https:\/\/www.korso.ch\/#website\",\"url\":\"https:\/\/www.korso.ch\/\",\"name\":\"Korso\",\"description\":\"Kino Bar Bier Korso\",\"publisher\":{\"@id\":\"https:\/\/www.korso.ch\/#organization\"},\"potentialAction\":[{\"@type\":\"SearchAction\",\"target\":{\"@type\":\"EntryPoint\",\"urlTemplate\":\"https:\/\/www.korso.ch\/?s={search_term_string}\"},\"query-input\":{\"@type\":\"PropertyValueSpecification\",\"valueRequired\":true,\"valueName\":\"search_term_string\"}}],\"inLanguage\":\"de\"},{\"@type\":\"Organization\",\"@id\":\"https:\/\/www.korso.ch\/#organization\",\"name\":\"Korso Kino Bar Bier\",\"alternateName\":\"Korso cin\u00e9ma fribourg\",\"url\":\"https:\/\/www.korso.ch\/\",\"logo\":{\"@type\":\"ImageObject\",\"inLanguage\":\"de\",\"@id\":\"https:\/\/www.korso.ch\/#\/schema\/logo\/image\/\",\"url\":\"https:\/\/www.korso.ch\/wp-content\/uploads\/2024\/02\/cropped-icone_web_korso.png\",\"contentUrl\":\"https:\/\/www.korso.ch\/wp-content\/uploads\/2024\/02\/cropped-icone_web_korso.png\",\"width\":512,\"height\":512,\"caption\":\"Korso Kino Bar Bier\"},\"image\":{\"@id\":\"https:\/\/www.korso.ch\/#\/schema\/logo\/image\/\"},\"sameAs\":[\"https:\/\/www.facebook.com\/korsokinobarbier\/\",\"https:\/\/www.instagram.com\/korso_kino_bar_bier\/\"]}]}<\/script>\n<!-- \/ Yoast SEO plugin. -->","yoast_head_json":{"title":"Kalerie - Korso","robots":{"index":"index","follow":"follow","max-snippet":"max-snippet:-1","max-image-preview":"max-image-preview:large","max-video-preview":"max-video-preview:-1"},"canonical":"https:\/\/www.korso.ch\/de\/kalerie\/","og_locale":"de_DE","og_type":"article","og_title":"Kalerie - Korso","og_description":"Vibrierende Mandalas SAMSTAG, 9. MAI 2026 AB 18 UHR &nbsp; VERNISSAGE: AUSSTELLUNG UND BEGEGNUNG MIT DEM K\u00dcNSTLER JOKIN KULLIN \u00a0 Von Samstag, dem 9. Mai, bis Freitag, dem 29. Mai, stellt Jokin Hullin seine Werke in der Kalerie (Galerie des Korso) Als Autodidakt verwandelt Jokin Hullin seit seiner Kindheit Dinge, die er gesammelt, erlebt oder [&hellip;]","og_site_name":"Korso","article_publisher":"https:\/\/www.facebook.com\/korsokinobarbier\/","article_modified_time":"2026-04-01T15:28:52+00:00","twitter_card":"summary_large_image","twitter_misc":{"Gesch\u00e4tzte Lesezeit":"4\u00a0Minuten"},"schema":{"@context":"https:\/\/schema.org","@graph":[{"@type":"WebPage","@id":"https:\/\/www.korso.ch\/de\/kalerie\/","url":"https:\/\/www.korso.ch\/de\/kalerie\/","name":"Kalerie - Korso","isPartOf":{"@id":"https:\/\/www.korso.ch\/#website"},"datePublished":"2025-11-24T20:16:35+00:00","dateModified":"2026-04-01T15:28:52+00:00","breadcrumb":{"@id":"https:\/\/www.korso.ch\/de\/kalerie\/#breadcrumb"},"inLanguage":"de","potentialAction":[{"@type":"ReadAction","target":["https:\/\/www.korso.ch\/de\/kalerie\/"]}]},{"@type":"BreadcrumbList","@id":"https:\/\/www.korso.ch\/de\/kalerie\/#breadcrumb","itemListElement":[{"@type":"ListItem","position":1,"name":"Accueil","item":"https:\/\/www.korso.ch\/de\/startseite\/"},{"@type":"ListItem","position":2,"name":"Kalerie"}]},{"@type":"WebSite","@id":"https:\/\/www.korso.ch\/#website","url":"https:\/\/www.korso.ch\/","name":"Korso","description":"Kino Bar Bier Korso","publisher":{"@id":"https:\/\/www.korso.ch\/#organization"},"potentialAction":[{"@type":"SearchAction","target":{"@type":"EntryPoint","urlTemplate":"https:\/\/www.korso.ch\/?s={search_term_string}"},"query-input":{"@type":"PropertyValueSpecification","valueRequired":true,"valueName":"search_term_string"}}],"inLanguage":"de"},{"@type":"Organization","@id":"https:\/\/www.korso.ch\/#organization","name":"Korso Kino Bar Bier","alternateName":"Korso cin\u00e9ma fribourg","url":"https:\/\/www.korso.ch\/","logo":{"@type":"ImageObject","inLanguage":"de","@id":"https:\/\/www.korso.ch\/#\/schema\/logo\/image\/","url":"https:\/\/www.korso.ch\/wp-content\/uploads\/2024\/02\/cropped-icone_web_korso.png","contentUrl":"https:\/\/www.korso.ch\/wp-content\/uploads\/2024\/02\/cropped-icone_web_korso.png","width":512,"height":512,"caption":"Korso Kino Bar Bier"},"image":{"@id":"https:\/\/www.korso.ch\/#\/schema\/logo\/image\/"},"sameAs":["https:\/\/www.facebook.com\/korsokinobarbier\/","https:\/\/www.instagram.com\/korso_kino_bar_bier\/"]}]}},"_links":{"self":[{"href":"https:\/\/www.korso.ch\/de\/wp-json\/wp\/v2\/pages\/41113","targetHints":{"allow":["GET"]}}],"collection":[{"href":"https:\/\/www.korso.ch\/de\/wp-json\/wp\/v2\/pages"}],"about":[{"href":"https:\/\/www.korso.ch\/de\/wp-json\/wp\/v2\/types\/page"}],"author":[{"embeddable":true,"href":"https:\/\/www.korso.ch\/de\/wp-json\/wp\/v2\/users\/1"}],"replies":[{"embeddable":true,"href":"https:\/\/www.korso.ch\/de\/wp-json\/wp\/v2\/comments?post=41113"}],"version-history":[{"count":12,"href":"https:\/\/www.korso.ch\/de\/wp-json\/wp\/v2\/pages\/41113\/revisions"}],"predecessor-version":[{"id":50592,"href":"https:\/\/www.korso.ch\/de\/wp-json\/wp\/v2\/pages\/41113\/revisions\/50592"}],"wp:attachment":[{"href":"https:\/\/www.korso.ch\/de\/wp-json\/wp\/v2\/media?parent=41113"}],"curies":[{"name":"wp","href":"https:\/\/api.w.org\/{rel}","templated":true}]}}